{"id":713,"date":"2020-04-15T19:09:59","date_gmt":"2020-04-15T19:09:59","guid":{"rendered":"https:\/\/houzardc.wordpress.com\/?page_id=5"},"modified":"2020-12-21T00:12:48","modified_gmt":"2020-12-20T23:12:48","slug":"blog","status":"publish","type":"page","link":"https:\/\/houzardc.fr\/","title":{"rendered":""},"content":{"rendered":"\n<div class=\"wp-block-image is-style-default\"><figure class=\"aligncenter size-large is-resized\"><img loading=\"lazy\" decoding=\"async\" src=\"https:\/\/houzardc.fr\/wp-content\/uploads\/2020\/12\/Logo_Color.svg\" alt=\"\" width=\"514\" height=\"332\"\/><\/figure><\/div>\n\n\n\n<div class=\"wp-block-cover alignfull has-background-dim\" style=\"background-color:#36486e;min-height:304px;aspect-ratio:unset;\"><div class=\"wp-block-cover__inner-container is-layout-flow wp-block-cover-is-layout-flow\">\n<p>Ce site a pour vocation de partager l&#8217;analyse des donn\u00e9es que je r\u00e9alise pendant cette crise du COVID-19.<\/p>\n\n\n\n<p>Diff\u00e9rents outils des visualisions de donn\u00e9es (cartes et graphiques) sont mis \u00e0 jour quotidiennement. En plus de cela, un billet d&#8217;analyse est publi\u00e9 hebdomadairement.<\/p>\n\n\n\n<p>Les informations partag\u00e9es ici ne sont que des analyses personnelles, n&#8217;engagent que moi, et ne doivent en aucun cas se substituer aux informations donn\u00e9es par les autorit\u00e9s.<\/p>\n\n\n\n<div class=\"wp-block-buttons aligncenter is-layout-flex wp-block-buttons-is-layout-flex\">\n<div class=\"wp-block-button\"><a class=\"wp-block-button__link\" rel=\"http:\/\/houzardc.fr\/?page_id=8\">En savoir plus<\/a><\/div>\n<\/div>\n\n\n\n<p><\/p>\n<\/div><\/div>\n\n\n\n<div class=\"wp-block-columns alignfull is-layout-flex wp-container-core-columns-is-layout-9d6595d7 wp-block-columns-is-layout-flex\">\n<div class=\"wp-block-column is-layout-flow wp-block-column-is-layout-flow\">\n<div class=\"wp-block-cover has-background-dim-80 has-background-background-color has-background-dim\" style=\"background-image:url(https:\/\/houzardc.fr\/wp-content\/uploads\/2020\/04\/image-2.png);min-height:400px;background-position:38% 52%;aspect-ratio:unset;\"><div class=\"wp-block-cover__inner-container is-layout-flow wp-block-cover-is-layout-flow\">\n<p class=\"has-text-align-center has-foreground-dark-color has-text-color has-huge-font-size\"><strong><a href=\"https:\/\/houzardc.fr\/?page_id=1207\">Analyse \u00e0 l&#8217;\u00e9chelle mondiale<\/a><\/strong><\/p>\n<\/div><\/div>\n\n\n\n<p><\/p>\n<\/div>\n\n\n\n<div class=\"wp-block-column is-layout-flow wp-block-column-is-layout-flow\">\n<div class=\"wp-block-cover has-background-dim-80 has-background-background-color has-background-dim\" style=\"background-image:url(https:\/\/houzardc.fr\/wp-content\/uploads\/2020\/05\/image-1.png);min-height:400px;aspect-ratio:unset;\"><div class=\"wp-block-cover__inner-container is-layout-flow wp-block-cover-is-layout-flow\">\n<p class=\"has-text-align-center has-huge-font-size\"><strong><a href=\"https:\/\/houzardc.fr\/?page_id=1211\">Analyse \u00e0 l&#8217;\u00e9chelle fran\u00e7aise<\/a><\/strong><\/p>\n<\/div><\/div>\n<\/div>\n<\/div>\n\n\n\n<div class=\"wp-block-columns alignfull is-layout-flex wp-container-core-columns-is-layout-9d6595d7 wp-block-columns-is-layout-flex\">\n<div class=\"wp-block-column is-layout-flow wp-block-column-is-layout-flow\">\n<div class=\"wp-block-cover has-background-dim-80 has-background-background-color has-background-dim\" style=\"background-image:url(https:\/\/houzardc.fr\/wp-content\/uploads\/2020\/06\/SS_Map.png);min-height:400px;background-position:32% 51%;aspect-ratio:unset;\"><div class=\"wp-block-cover__inner-container is-layout-flow wp-block-cover-is-layout-flow\">\n<p class=\"has-text-align-center has-foreground-dark-color has-text-color has-huge-font-size\"><strong><a href=\"https:\/\/houzardc.fr\/?page_id=1207\">Analyse \u00e0 l&#8217;\u00e9chelle am\u00e9ricaine<\/a><\/strong><\/p>\n<\/div><\/div>\n<\/div>\n\n\n\n<div class=\"wp-block-column is-layout-flow wp-block-column-is-layout-flow\"><\/div>\n<\/div>\n\n\n\n<div style=\"height:100px\" aria-hidden=\"true\" class=\"wp-block-spacer\"><\/div>\n\n\n\n<hr class=\"wp-block-separator is-style-wide\"\/>\n\n\n\n<h2 class=\"wp-block-heading\">Derniers articles<\/h2>\n\n\n\n<div class=\"wp-block-group alignwide has-background-background-color has-background\"><div class=\"wp-block-group__inner-container is-layout-flow wp-block-group-is-layout-flow\"><ul class=\"wp-block-latest-posts__list is-grid columns-3 alignfull wp-block-latest-posts\"><li><a class=\"wp-block-latest-posts__post-title\" href=\"https:\/\/houzardc.fr\/?p=1551\">Analyse du 02 D\u00e9cembre 2020<\/a><div class=\"wp-block-latest-posts__post-excerpt\">Analyse mondiale Les situations allemande et italienne s&#8217;am\u00e9liorent, avec un peu de retard par rapport \u00e0 la France. Les Etas-Unis subissent aussi un pic avec 170 000 nouveaux cas journaliers. La situation devant encore s&#8217;aggraver avec Thanksgiving qui a eu lieu la semaine derni\u00e8re. Analyse fran\u00e7aise Qualitativement, la situation fran\u00e7aise s&#8217;am\u00e9liore. Quantitativement, les chiffres nous<a class=\"more-link\" href=\"https:\/\/houzardc.fr\/?p=1551\">Continue reading <span class=\"screen-reader-text\">&#8220;Analyse du 02 D\u00e9cembre 2020&#8221;<\/span><\/a><\/div><\/li>\n<li><div class=\"wp-block-latest-posts__featured-image aligncenter\"><img loading=\"lazy\" decoding=\"async\" width=\"300\" height=\"168\" src=\"https:\/\/houzardc.fr\/wp-content\/uploads\/2020\/11\/tx_incid-300x168.png\" class=\"attachment-medium size-medium wp-post-image\" alt=\"\" style=\"\" srcset=\"https:\/\/houzardc.fr\/wp-content\/uploads\/2020\/11\/tx_incid-300x168.png 300w, https:\/\/houzardc.fr\/wp-content\/uploads\/2020\/11\/tx_incid-768x430.png 768w, https:\/\/houzardc.fr\/wp-content\/uploads\/2020\/11\/tx_incid.png 1000w\" sizes=\"auto, (max-width: 300px) 100vw, 300px\" \/><\/div><a class=\"wp-block-latest-posts__post-title\" href=\"https:\/\/houzardc.fr\/?p=1510\">Analyse du 19 Novembre 2020<\/a><div class=\"wp-block-latest-posts__post-excerpt\">Situation globale Comme lors de la premi\u00e8re vague, nous observons que l&#8217;Italie, l&#8217;Allemagne et la France suivent des chemins assez similaires. En particulier, l&#8217;Italie et l&#8217;Allemagne ont atteint un palier du nombre de cas journaliers, respectivement autour de 20.000 et 35.000. Les Etas-Unis, comme nous l&#8217;expliquions la semaine derni\u00e8re entrent dans une sorte de 3e<a class=\"more-link\" href=\"https:\/\/houzardc.fr\/?p=1510\">Continue reading <span class=\"screen-reader-text\">&#8220;Analyse du 19 Novembre 2020&#8221;<\/span><\/a><\/div><\/li>\n<li><div class=\"wp-block-latest-posts__featured-image aligncenter\"><img loading=\"lazy\" decoding=\"async\" width=\"300\" height=\"153\" src=\"https:\/\/houzardc.fr\/wp-content\/uploads\/2020\/11\/Preview_French_Indic_10-11-2020-300x153.png\" class=\"attachment-medium size-medium wp-post-image\" alt=\"\" style=\"\" srcset=\"https:\/\/houzardc.fr\/wp-content\/uploads\/2020\/11\/Preview_French_Indic_10-11-2020-300x153.png 300w, https:\/\/houzardc.fr\/wp-content\/uploads\/2020\/11\/Preview_French_Indic_10-11-2020-1024x522.png 1024w, https:\/\/houzardc.fr\/wp-content\/uploads\/2020\/11\/Preview_French_Indic_10-11-2020-768x391.png 768w, https:\/\/houzardc.fr\/wp-content\/uploads\/2020\/11\/Preview_French_Indic_10-11-2020-1536x783.png 1536w, https:\/\/houzardc.fr\/wp-content\/uploads\/2020\/11\/Preview_French_Indic_10-11-2020-2048x1044.png 2048w, https:\/\/houzardc.fr\/wp-content\/uploads\/2020\/11\/Preview_French_Indic_10-11-2020-1568x799.png 1568w\" sizes=\"auto, (max-width: 300px) 100vw, 300px\" \/><\/div><a class=\"wp-block-latest-posts__post-title\" href=\"https:\/\/houzardc.fr\/?p=1498\">Analyse du 11 Novembre 2020<\/a><div class=\"wp-block-latest-posts__post-excerpt\">Bonjour \u00e0 tous, Apr\u00e8s de longs mois d&#8217;absence, voici le retour des briefs! Aujourd&#8217;hui nous allons nous int\u00e9resser particuli\u00e8rement \u00e0 la situation fran\u00e7aise. Avant, faisons le point rapidement sur la situation mondiale. Situation g\u00e9n\u00e9rale mondiale En se r\u00e9f\u00e9rant au graphe que l&#8217;on analyse depuis le d\u00e9but de l&#8217;\u00e9pid\u00e9mie en mars, on voit que la France<a class=\"more-link\" href=\"https:\/\/houzardc.fr\/?p=1498\">Continue reading <span class=\"screen-reader-text\">&#8220;Analyse du 11 Novembre 2020&#8221;<\/span><\/a><\/div><\/li>\n<\/ul><\/div><\/div>\n","protected":false},"excerpt":{"rendered":"<p>Derniers articles<\/p>\n","protected":false},"author":1,"featured_media":0,"parent":0,"menu_order":1,"comment_status":"closed","ping_status":"closed","template":"","meta":{"_lmt_disableupdate":"no","_lmt_disable":"","footnotes":""},"class_list":["post-713","page","type-page","status-publish","hentry","entry"],"jetpack_sharing_enabled":false,"post_mailing_queue_ids":[],"_links":{"self":[{"href":"https:\/\/houzardc.fr\/index.php?rest_route=\/wp\/v2\/pages\/713","targetHints":{"allow":["GET"]}}],"collection":[{"href":"https:\/\/houzardc.fr\/index.php?rest_route=\/wp\/v2\/pages"}],"about":[{"href":"https:\/\/houzardc.fr\/index.php?rest_route=\/wp\/v2\/types\/page"}],"author":[{"embeddable":true,"href":"https:\/\/houzardc.fr\/index.php?rest_route=\/wp\/v2\/users\/1"}],"replies":[{"embeddable":true,"href":"https:\/\/houzardc.fr\/index.php?rest_route=%2Fwp%2Fv2%2Fcomments&post=713"}],"version-history":[{"count":19,"href":"https:\/\/houzardc.fr\/index.php?rest_route=\/wp\/v2\/pages\/713\/revisions"}],"predecessor-version":[{"id":1595,"href":"https:\/\/houzardc.fr\/index.php?rest_route=\/wp\/v2\/pages\/713\/revisions\/1595"}],"wp:attachment":[{"href":"https:\/\/houzardc.fr\/index.php?rest_route=%2Fwp%2Fv2%2Fmedia&parent=713"}],"curies":[{"name":"wp","href":"https:\/\/api.w.org\/{rel}","templated":true}]}}