{"id":7,"date":"2020-04-15T19:09:57","date_gmt":"2020-04-15T19:09:57","guid":{"rendered":"https:\/\/houzardc.wordpress.com\/?page_id=7"},"modified":"2020-05-09T13:14:11","modified_gmt":"2020-05-09T11:14:11","slug":"contact","status":"publish","type":"page","link":"https:\/\/houzardc.fr\/?page_id=7","title":{"rendered":"Codes"},"content":{"rendered":"\n<p class=\"has-text-align-left\">Tous les codes utilis\u00e9s pour r\u00e9aliser les graphs sont disponibles sur <a href=\"https:\/\/github.com\/CleHou\/COVID19\">GitHub<\/a>, r\u00e9partis dans 3 dossiers:<\/p>\n\n\n\n<ul class=\"wp-block-list\"><li><a href=\"https:\/\/github.com\/CleHou\/COVID-19-Data-Analysis-Project\/tree\/master\/01-Graph\">01-Graph<\/a> : codes utilis\u00e9s pour les analyses de graphs<\/li><li><a href=\"https:\/\/github.com\/CleHou\/COVID-19-Data-Analysis-Project\/tree\/master\/02-Maps\">02-Maps<\/a> : codes utilis\u00e9s pour \u00e9diter les cartes<\/li><li><a href=\"https:\/\/github.com\/CleHou\/COVID-19-Data-Analysis-Project\/tree\/master\/03-Prediction\">03-Prediction<\/a> : codes utilis\u00e9s pour <a href=\"https:\/\/houzardc.wordpress.com\/extra\/prediction-of-the-epidemic-final-size\/\">cet article<\/a> <\/li><li><a href=\"https:\/\/github.com\/CleHou\/COVID-19-Data-Analysis-Project\/tree\/master\/04-French_Data\" target=\"_blank\" rel=\"noreferrer noopener\">04-French_Data<\/a> : codes utilis\u00e9s pour analyser les donn\u00e9es de la France dans le d\u00e9tail<\/li><\/ul>\n\n\n\n<p>Pour signaler des erreurs ou proposer des am\u00e9liorations, je vous invite \u00e0 le faire pr\u00e9f\u00e9rablement sur <a rel=\"noreferrer noopener\" href=\"https:\/\/github.com\/CleHou\/COVID-19-Data-Analysis-Project\/issues\" target=\"_blank\">GitHub<\/a> ou \u00e0 me contacter directement (<a href=\"https:\/\/houzardc.fr\/?page_id=8\">A propos<\/a>).<\/p>\n","protected":false},"excerpt":{"rendered":"<p>Tous les codes utilis\u00e9s pour r\u00e9aliser les graphs sont disponibles sur GitHub, r\u00e9partis dans 3 dossiers: 01-Graph : codes utilis\u00e9s pour les analyses de graphs 02-Maps : codes utilis\u00e9s pour \u00e9diter les cartes 03-Prediction : codes utilis\u00e9s pour cet article 04-French_Data : codes utilis\u00e9s pour analyser les donn\u00e9es de la France dans le d\u00e9tail Pour<a class=\"more-link\" href=\"https:\/\/houzardc.fr\/?page_id=7\">Continue reading <span class=\"screen-reader-text\">&#8220;Codes&#8221;<\/span><\/a><\/p>\n","protected":false},"author":1,"featured_media":0,"parent":0,"menu_order":0,"comment_status":"closed","ping_status":"closed","template":"","meta":{"_lmt_disableupdate":"no","_lmt_disable":"","footnotes":""},"class_list":["post-7","page","type-page","status-publish","hentry","entry"],"jetpack_sharing_enabled":false,"post_mailing_queue_ids":[],"_links":{"self":[{"href":"https:\/\/houzardc.fr\/index.php?rest_route=\/wp\/v2\/pages\/7","targetHints":{"allow":["GET"]}}],"collection":[{"href":"https:\/\/houzardc.fr\/index.php?rest_route=\/wp\/v2\/pages"}],"about":[{"href":"https:\/\/houzardc.fr\/index.php?rest_route=\/wp\/v2\/types\/page"}],"author":[{"embeddable":true,"href":"https:\/\/houzardc.fr\/index.php?rest_route=\/wp\/v2\/users\/1"}],"replies":[{"embeddable":true,"href":"https:\/\/houzardc.fr\/index.php?rest_route=%2Fwp%2Fv2%2Fcomments&post=7"}],"version-history":[{"count":4,"href":"https:\/\/houzardc.fr\/index.php?rest_route=\/wp\/v2\/pages\/7\/revisions"}],"predecessor-version":[{"id":1036,"href":"https:\/\/houzardc.fr\/index.php?rest_route=\/wp\/v2\/pages\/7\/revisions\/1036"}],"wp:attachment":[{"href":"https:\/\/houzardc.fr\/index.php?rest_route=%2Fwp%2Fv2%2Fmedia&parent=7"}],"curies":[{"name":"wp","href":"https:\/\/api.w.org\/{rel}","templated":true}]}}