{"id":1600,"date":"2021-01-14T23:57:54","date_gmt":"2021-01-14T22:57:54","guid":{"rendered":"https:\/\/houzardc.fr\/?page_id=1600"},"modified":"2021-03-01T11:46:10","modified_gmt":"2021-03-01T10:46:10","slug":"vaccins","status":"publish","type":"page","link":"https:\/\/houzardc.fr\/?page_id=1600","title":{"rendered":"[France] Vaccins"},"content":{"rendered":"\n<p>Ci-dessous, on retrouve le nombre de personnes vaccin\u00e9es en France.<\/p>\n\n\n\n<p>On estime qu&#8217;entre 60 et 70% de la population doit \u00eatre vaccin\u00e9e pour atteindre l&#8217;immunit\u00e9 collective.<\/p>\n\n\n\n<figure class=\"wp-block-image size-large\"><a href=\"https:\/\/houzardc.fr\/wp-content\/uploads\/Graphs\/French_Vax.pdf\" target=\"_blank\" rel=\"noopener\"><img decoding=\"async\" src=\"https:\/\/houzardc.fr\/wp-content\/uploads\/Graphs\/French_Vax_preview.png\" alt=\"\"\/><\/a><\/figure>\n","protected":false},"excerpt":{"rendered":"<p>Ci-dessous, on retrouve le nombre de personnes vaccin\u00e9es en France. On estime qu&#8217;entre 60 et 70% de la population doit \u00eatre vaccin\u00e9e pour atteindre l&#8217;immunit\u00e9 collective.<\/p>\n","protected":false},"author":1,"featured_media":0,"parent":1211,"menu_order":1,"comment_status":"closed","ping_status":"closed","template":"","meta":{"_lmt_disableupdate":"no","_lmt_disable":"","footnotes":""},"class_list":["post-1600","page","type-page","status-publish","hentry","entry"],"jetpack_sharing_enabled":true,"post_mailing_queue_ids":[],"_links":{"self":[{"href":"https:\/\/houzardc.fr\/index.php?rest_route=\/wp\/v2\/pages\/1600","targetHints":{"allow":["GET"]}}],"collection":[{"href":"https:\/\/houzardc.fr\/index.php?rest_route=\/wp\/v2\/pages"}],"about":[{"href":"https:\/\/houzardc.fr\/index.php?rest_route=\/wp\/v2\/types\/page"}],"author":[{"embeddable":true,"href":"https:\/\/houzardc.fr\/index.php?rest_route=\/wp\/v2\/users\/1"}],"replies":[{"embeddable":true,"href":"https:\/\/houzardc.fr\/index.php?rest_route=%2Fwp%2Fv2%2Fcomments&post=1600"}],"version-history":[{"count":3,"href":"https:\/\/houzardc.fr\/index.php?rest_route=\/wp\/v2\/pages\/1600\/revisions"}],"predecessor-version":[{"id":1621,"href":"https:\/\/houzardc.fr\/index.php?rest_route=\/wp\/v2\/pages\/1600\/revisions\/1621"}],"up":[{"embeddable":true,"href":"https:\/\/houzardc.fr\/index.php?rest_route=\/wp\/v2\/pages\/1211"}],"wp:attachment":[{"href":"https:\/\/houzardc.fr\/index.php?rest_route=%2Fwp%2Fv2%2Fmedia&parent=1600"}],"curies":[{"name":"wp","href":"https:\/\/api.w.org\/{rel}","templated":true}]}}