{"id":1485,"date":"2020-08-19T14:03:29","date_gmt":"2020-08-19T12:03:29","guid":{"rendered":"https:\/\/houzardc.fr\/?page_id=1485"},"modified":"2021-03-23T08:55:41","modified_gmt":"2021-03-23T07:55:41","slug":"france-indicateurs","status":"publish","type":"page","link":"https:\/\/houzardc.fr\/?page_id=1485","title":{"rendered":"[France] Indicateurs"},"content":{"rendered":"\n<h2 class=\"wp-block-heading\">Indicateurs<\/h2>\n\n\n\n<p>Il existe 4 indicateurs:<\/p>\n\n\n\n<ul class=\"wp-block-list\"><li><strong>Activit\u00e9 \u00e9pid\u00e9mique (taux d&#8217;incidence)<\/strong>: nombre de tests virologiques&nbsp;(i.e. PCR) positifs pour 100.000 habitants sur une semaine<\/li><li><strong>Taux de positivit\u00e9 des tests<\/strong>: nombre de personnes positives sur nombre de personnes test\u00e9es<\/li><li><strong>Facteur de reproduction du virus (R0)<\/strong>: combien de personnes sont contamin\u00e9es par un malade<\/li><li><strong>Tension hospitali\u00e8re<\/strong>: taux d&#8217;occupation des lits en r\u00e9animation&nbsp;<\/li><\/ul>\n\n\n\n<p>Pour chacun de ces indicateurs, est d\u00e9fini 3 niveaux de criticit\u00e9: faible, moyen et \u00e9lev\u00e9 caract\u00e9ris\u00e9s sur les supports ci-dessous par le couleurs vertes, orange (ou violet) et rouge.<\/p>\n\n\n\n<p>Les niveaux sont les suivants:<\/p>\n\n\n\n<figure class=\"wp-block-table is-style-stripes\"><table><thead><tr><th><\/th><th>Criticit\u00e9 faible<\/th><th>Criticit\u00e9 moyenne<\/th><th>Criticit\u00e9 \u00e9lev\u00e9e<\/th><\/tr><\/thead><tbody><tr><td>Activit\u00e9 \u00e9pid\u00e9mique<\/td><td>0&lt;x&lt;10<\/td><td>10&lt;x&lt;50<\/td><td>x&gt;50<\/td><\/tr><tr><td>Taux de positivit\u00e9 (%)<\/td><td>0&lt;x&lt;5<\/td><td>5&lt;x&lt;10<\/td><td>x&gt;10<\/td><\/tr><tr><td>Facteur de reproduction<\/td><td>0&lt;x&lt;1<\/td><td>1&lt;x&lt;1.5<\/td><td>x&gt;1.5<\/td><\/tr><tr><td>Tension hospitali\u00e8re (%)<\/td><td>0&lt;x&lt;40<\/td><td>40&lt;x&lt;60<\/td><td>x&gt;60<\/td><\/tr><\/tbody><\/table><\/figure>\n\n\n\n<h2 class=\"wp-block-heading\">Indicateurs nationaux<\/h2>\n\n\n\n<figure class=\"wp-block-image size-large\"><a href=\"https:\/\/houzardc.fr\/wp-content\/uploads\/Graphs\/France_Indic_Nat.pdf\" target=\"_blank\" rel=\"noopener noreferrer\"><img decoding=\"async\" src=\"https:\/\/houzardc.fr\/wp-content\/uploads\/Graphs\/France_Indic_Nat_preview.png\" alt=\"\"\/><\/a><\/figure>\n\n\n\n<h2 class=\"wp-block-heading\">Indicateurs locaux<\/h2>\n\n\n\n<p>Les indicateurs locaux sous forme de graph (cliquez ci dessous pour plus de d\u00e9tail).<\/p>\n\n\n\n<figure class=\"wp-block-image size-large\"><a href=\"https:\/\/houzardc.fr\/wp-content\/uploads\/Graphs\/France_Indic_Dpt.pdf\"><img decoding=\"async\" src=\"https:\/\/houzardc.fr\/wp-content\/uploads\/Graphs\/France_Indic_Dpt_preview.png\" alt=\"\"\/><\/a><\/figure>\n\n\n\n<p>La carte disponible ci dessous regroupe les 4 indicateurs d\u00e9crit ci-dessus par region.<\/p>\n\n\n\n<p>Pour chaque carte, l&#8217;intensit\u00e9 de la couleur est d\u00e9finie au sein de sa zone de criticit\u00e9. Par exemple, une r\u00e9gion qui a un facteur R0=0.9 sera en vert fonc\u00e9 alors qu&#8217;une avec un R0=1.1 sera en violet claire. <\/p>\n\n\n\n<div class=\"wp-block-columns is-layout-flex wp-container-core-columns-is-layout-9d6595d7 wp-block-columns-is-layout-flex\">\n<div class=\"wp-block-column is-layout-flow wp-block-column-is-layout-flow\">\n<figure class=\"wp-block-image size-large\"><a href=\"https:\/\/houzardc.fr\/wp-content\/uploads\/Maps\/Map_France_Indic.html\" target=\"_blank\" rel=\"noopener noreferrer\"><img decoding=\"async\" src=\"https:\/\/houzardc.fr\/wp-content\/uploads\/Maps\/Map_France_Prev_R.png\" alt=\"\"\/><\/a><\/figure>\n<\/div>\n\n\n\n<div class=\"wp-block-column is-layout-flow wp-block-column-is-layout-flow\">\n<figure class=\"wp-block-image size-large\"><a href=\"https:\/\/houzardc.fr\/wp-content\/uploads\/Maps\/Map_France_Indic.html\" target=\"_blank\" rel=\"noopener noreferrer\"><img decoding=\"async\" src=\"https:\/\/houzardc.fr\/wp-content\/uploads\/Maps\/Map_France_Prev_taux_occupation_sae.png\" alt=\"\"\/><\/a><\/figure>\n<\/div>\n<\/div>\n\n\n\n<div class=\"wp-block-columns is-layout-flex wp-container-core-columns-is-layout-9d6595d7 wp-block-columns-is-layout-flex\">\n<div class=\"wp-block-column is-layout-flow wp-block-column-is-layout-flow\">\n<figure class=\"wp-block-image size-large\"><a href=\"https:\/\/houzardc.fr\/wp-content\/uploads\/Maps\/Map_France_Indic.html\" target=\"_blank\" rel=\"noopener noreferrer\"><img decoding=\"async\" src=\"https:\/\/houzardc.fr\/wp-content\/uploads\/Maps\/Map_France_Prev_tx_incid.png\" alt=\"\"\/><\/a><\/figure>\n<\/div>\n\n\n\n<div class=\"wp-block-column is-layout-flow wp-block-column-is-layout-flow\">\n<figure class=\"wp-block-image size-large\"><a href=\"https:\/\/houzardc.fr\/wp-content\/uploads\/Maps\/Map_France_Indic.html\" target=\"_blank\" rel=\"noopener noreferrer\"><img decoding=\"async\" src=\"https:\/\/houzardc.fr\/wp-content\/uploads\/Maps\/Map_France_Prev_tx_pos.png\" alt=\"\"\/><\/a><\/figure>\n<\/div>\n<\/div>\n\n\n\n<p><\/p>\n","protected":false},"excerpt":{"rendered":"<p>Indicateurs Il existe 4 indicateurs: Activit\u00e9 \u00e9pid\u00e9mique (taux d&#8217;incidence): nombre de tests virologiques&nbsp;(i.e. PCR) positifs pour 100.000 habitants sur une semaine Taux de positivit\u00e9 des tests: nombre de personnes positives sur nombre de personnes test\u00e9es Facteur de reproduction du virus (R0): combien de personnes sont contamin\u00e9es par un malade Tension hospitali\u00e8re: taux d&#8217;occupation des lits<a class=\"more-link\" href=\"https:\/\/houzardc.fr\/?page_id=1485\">Continue reading <span class=\"screen-reader-text\">&#8220;[France] Indicateurs&#8221;<\/span><\/a><\/p>\n","protected":false},"author":1,"featured_media":0,"parent":1211,"menu_order":0,"comment_status":"closed","ping_status":"closed","template":"","meta":{"_lmt_disableupdate":"no","_lmt_disable":"","footnotes":""},"class_list":["post-1485","page","type-page","status-publish","hentry","entry"],"jetpack_sharing_enabled":true,"post_mailing_queue_ids":[],"_links":{"self":[{"href":"https:\/\/houzardc.fr\/index.php?rest_route=\/wp\/v2\/pages\/1485","targetHints":{"allow":["GET"]}}],"collection":[{"href":"https:\/\/houzardc.fr\/index.php?rest_route=\/wp\/v2\/pages"}],"about":[{"href":"https:\/\/houzardc.fr\/index.php?rest_route=\/wp\/v2\/types\/page"}],"author":[{"embeddable":true,"href":"https:\/\/houzardc.fr\/index.php?rest_route=\/wp\/v2\/users\/1"}],"replies":[{"embeddable":true,"href":"https:\/\/houzardc.fr\/index.php?rest_route=%2Fwp%2Fv2%2Fcomments&post=1485"}],"version-history":[{"count":10,"href":"https:\/\/houzardc.fr\/index.php?rest_route=\/wp\/v2\/pages\/1485\/revisions"}],"predecessor-version":[{"id":1640,"href":"https:\/\/houzardc.fr\/index.php?rest_route=\/wp\/v2\/pages\/1485\/revisions\/1640"}],"up":[{"embeddable":true,"href":"https:\/\/houzardc.fr\/index.php?rest_route=\/wp\/v2\/pages\/1211"}],"wp:attachment":[{"href":"https:\/\/houzardc.fr\/index.php?rest_route=%2Fwp%2Fv2%2Fmedia&parent=1485"}],"curies":[{"name":"wp","href":"https:\/\/api.w.org\/{rel}","templated":true}]}}