{"id":1366,"date":"2020-06-13T21:27:45","date_gmt":"2020-06-13T19:27:45","guid":{"rendered":"https:\/\/houzardc.fr\/?page_id=1366"},"modified":"2020-11-22T17:48:31","modified_gmt":"2020-11-22T16:48:31","slug":"us-graphs","status":"publish","type":"page","link":"https:\/\/houzardc.fr\/?page_id=1366","title":{"rendered":"[US] Graphiques par \u00e9tat"},"content":{"rendered":"\n<p>Pour chaque \u00e9tat, est repr\u00e9sent\u00e9 le nombre de cas, le nombre de d\u00e9c\u00e8s et la variation journali\u00e8re de ces deux param\u00e8tres. Les \u00e9tats sont class\u00e9s par ordre d\u00e9croissant de nombre de cas.<\/p>\n\n\n\n<p>Afin de s&#8217;affranchir des variations dans la remont\u00e9es des informations, les donn\u00e9es sont liss\u00e9es sur 3j.<\/p>\n\n\n\n<p><em>Pour voir l&#8217;ensemble des graphes, cliquez sur l&#8217;image ci-dessous.<\/em><\/p>\n\n\n\n<figure class=\"wp-block-image size-large\"><a href=\"https:\/\/houzardc.fr\/wp-content\/uploads\/Graphs\/All_States.pdf\" target=\"_blank\" rel=\"noopener noreferrer\"><img decoding=\"async\" src=\"https:\/\/houzardc.fr\/wp-content\/uploads\/Graphs\/All_States_Preview.png\" alt=\"\"\/><\/a><\/figure>\n","protected":false},"excerpt":{"rendered":"<p>Pour chaque \u00e9tat, est repr\u00e9sent\u00e9 le nombre de cas, le nombre de d\u00e9c\u00e8s et la variation journali\u00e8re de ces deux param\u00e8tres. Les \u00e9tats sont class\u00e9s par ordre d\u00e9croissant de nombre de cas. Afin de s&#8217;affranchir des variations dans la remont\u00e9es des informations, les donn\u00e9es sont liss\u00e9es sur 3j. Pour voir l&#8217;ensemble des graphes, cliquez sur<a class=\"more-link\" href=\"https:\/\/houzardc.fr\/?page_id=1366\">Continue reading <span class=\"screen-reader-text\">&#8220;[US] Graphiques par \u00e9tat&#8221;<\/span><\/a><\/p>\n","protected":false},"author":1,"featured_media":0,"parent":1358,"menu_order":0,"comment_status":"closed","ping_status":"closed","template":"","meta":{"_lmt_disableupdate":"no","_lmt_disable":"","footnotes":""},"class_list":["post-1366","page","type-page","status-publish","hentry","entry"],"jetpack_sharing_enabled":true,"post_mailing_queue_ids":[],"_links":{"self":[{"href":"https:\/\/houzardc.fr\/index.php?rest_route=\/wp\/v2\/pages\/1366","targetHints":{"allow":["GET"]}}],"collection":[{"href":"https:\/\/houzardc.fr\/index.php?rest_route=\/wp\/v2\/pages"}],"about":[{"href":"https:\/\/houzardc.fr\/index.php?rest_route=\/wp\/v2\/types\/page"}],"author":[{"embeddable":true,"href":"https:\/\/houzardc.fr\/index.php?rest_route=\/wp\/v2\/users\/1"}],"replies":[{"embeddable":true,"href":"https:\/\/houzardc.fr\/index.php?rest_route=%2Fwp%2Fv2%2Fcomments&post=1366"}],"version-history":[{"count":5,"href":"https:\/\/houzardc.fr\/index.php?rest_route=\/wp\/v2\/pages\/1366\/revisions"}],"predecessor-version":[{"id":1525,"href":"https:\/\/houzardc.fr\/index.php?rest_route=\/wp\/v2\/pages\/1366\/revisions\/1525"}],"up":[{"embeddable":true,"href":"https:\/\/houzardc.fr\/index.php?rest_route=\/wp\/v2\/pages\/1358"}],"wp:attachment":[{"href":"https:\/\/houzardc.fr\/index.php?rest_route=%2Fwp%2Fv2%2Fmedia&parent=1366"}],"curies":[{"name":"wp","href":"https:\/\/api.w.org\/{rel}","templated":true}]}}