{"id":1358,"date":"2020-06-13T21:27:37","date_gmt":"2020-06-13T19:27:37","guid":{"rendered":"https:\/\/houzardc.fr\/?page_id=1358"},"modified":"2021-03-01T11:37:54","modified_gmt":"2021-03-01T10:37:54","slug":"situation-americain","status":"publish","type":"page","link":"https:\/\/houzardc.fr\/?page_id=1358","title":{"rendered":"Situation am\u00e9ricaine"},"content":{"rendered":"\n<p>Cette page pr\u00e9sente la situation \u00e0 l\u2019\u00e9chelle am\u00e9ricaine par divers graphes et cartes. Les fichiers sont mis \u00e0 jour r\u00e9guli\u00e8rement.<\/p>\n\n\n\n<div class=\"wp-block-columns alignfull is-layout-flex wp-container-core-columns-is-layout-9d6595d7 wp-block-columns-is-layout-flex\">\n<div class=\"wp-block-column is-layout-flow wp-block-column-is-layout-flow\">\n<div class=\"wp-block-cover has-background-dim\" style=\"background-image:url(https:\/\/houzardc.fr\/wp-content\/uploads\/2020\/06\/US_SS.png);min-height:220px;background-position:48% 26%;aspect-ratio:unset;\"><div class=\"wp-block-cover__inner-container is-layout-flow wp-block-cover-is-layout-flow\">\n<p class=\"has-text-align-center\" style=\"font-size:40px\"><strong><a href=\"https:\/\/houzardc.fr\/?page_id=1365\">Cartes<\/a><\/strong><\/p>\n<\/div><\/div>\n<\/div>\n\n\n\n<div class=\"wp-block-column is-layout-flow wp-block-column-is-layout-flow\">\n<div class=\"wp-block-cover has-background-dim\" style=\"background-image:url(https:\/\/houzardc.fr\/wp-content\/uploads\/2020\/06\/Preview_World_Global-1.png);min-height:220px;aspect-ratio:unset;\"><div class=\"wp-block-cover__inner-container is-layout-flow wp-block-cover-is-layout-flow\">\n<p class=\"has-text-align-center\" style=\"font-size:40px\"><strong><a href=\"https:\/\/houzardc.fr\/?page_id=1366\">Graphiques par \u00e9tat<\/a><\/strong><\/p>\n<\/div><\/div>\n\n\n\n<p><\/p>\n<\/div>\n\n\n\n<div class=\"wp-block-column is-layout-flow wp-block-column-is-layout-flow\">\n<div class=\"wp-block-cover has-background-dim\" style=\"background-image:url(https:\/\/houzardc.fr\/wp-content\/uploads\/2020\/07\/Preview_France_report_09-07-2020.png);min-height:220px;aspect-ratio:unset;\"><div class=\"wp-block-cover__inner-container is-layout-flow wp-block-cover-is-layout-flow\">\n<p class=\"has-text-align-center\" style=\"font-size:40px\"><strong><a href=\"https:\/\/houzardc.fr\/?page_id=1465\">Tests virologiques<\/a><\/strong><\/p>\n<\/div><\/div>\n<\/div>\n<\/div>\n\n\n\n<h2 class=\"wp-block-heading\">Cartes<\/h2>\n\n\n\n<p><em>En passant la souris au dessus des \u00e9tats, des informations compl\u00e9mentaires s&#8217;affichent.<\/em><\/p>\n\n\n\n<p>Je propose 3 cartes, semblable \u00e0 ce qui existe \u00e0 l&#8217;\u00e9chelle mondial:<\/p>\n\n\n\n<ul class=\"wp-block-list\"><li><strong>Nombre de cas pour 1000 habitants<\/strong><\/li><\/ul>\n\n\n\n<figure class=\"wp-block-image size-large\"><a href=\"https:\/\/houzardc.fr\/wp-content\/uploads\/Graphs\/Map_Relative_Cases-Death_US.html\" target=\"_blank\" rel=\"noopener noreferrer\"><img decoding=\"async\" src=\"https:\/\/houzardc.fr\/wp-content\/uploads\/Graphs\/Map_Relative_Cases_US.png\" alt=\"\"\/><\/a><\/figure>\n\n\n\n<ul class=\"wp-block-list\"><li><strong>Nombre de d\u00e9c\u00e8s pour 1000 habitants<\/strong><\/li><\/ul>\n\n\n\n<figure class=\"wp-block-image size-large\"><a href=\"https:\/\/houzardc.fr\/wp-content\/uploads\/Graphs\/Map_Relative_Cases-Death_US.html\" target=\"_blank\" rel=\"noopener noreferrer\"><img decoding=\"async\" src=\"https:\/\/houzardc.fr\/wp-content\/uploads\/Graphs\/Map_Relative_Death_US.png\" alt=\"\"\/><\/a><\/figure>\n\n\n\n<ul class=\"wp-block-list\"><li><strong>Evolution de nombre de cas en une semaine<\/strong><\/li><\/ul>\n\n\n\n<figure class=\"wp-block-image size-large\"><a href=\"https:\/\/houzardc.fr\/wp-content\/uploads\/Graphs\/MapBalance_US.html\" target=\"_blank\" rel=\"noopener noreferrer\"><img decoding=\"async\" src=\"https:\/\/houzardc.fr\/wp-content\/uploads\/Graphs\/MapBalance_US.png\" alt=\"\"\/><\/a><\/figure>\n\n\n\n<h2 class=\"wp-block-heading\">Graphes par \u00e9tat<\/h2>\n\n\n\n<p>Pour chaque \u00e9tat, est repr\u00e9sent\u00e9 le nombre de cas, le nombre de d\u00e9c\u00e8s et la variation journali\u00e8re de ces deux param\u00e8tres. Les \u00e9tats sont class\u00e9s par ordre d\u00e9croissant de nombre de cas.<\/p>\n\n\n\n<p>Les donn\u00e9es sont liss\u00e9es sur 3j.<\/p>\n\n\n\n<p><em>Pour voir l&#8217;ensemble des \u00e9tats, cliquez sur l&#8217;image ci-dessous<\/em>.<\/p>\n\n\n\n<figure class=\"wp-block-image size-large\"><a href=\"https:\/\/houzardc.fr\/wp-content\/uploads\/Graphs\/All_States.pdf\" target=\"_blank\" rel=\"noopener noreferrer\"><img decoding=\"async\" src=\"https:\/\/houzardc.fr\/wp-content\/uploads\/Graphs\/All_States_Preview.png\" alt=\"\"\/><\/a><\/figure>\n\n\n\n<h2 class=\"wp-block-heading\">Tests virologiques<\/h2>\n\n\n\n<p>Afin d&#8217;\u00e9valuer si le nombre de tests r\u00e9alis\u00e9s est suffisant, il est interessant de regarder le taux de positivit\u00e9 des tests. Ce taux est le rapport du nombre de tests positifs sur le nombre de tests r\u00e9alis\u00e9s. L&#8217;OMS consid\u00e8re qu&#8217;un pays peut r\u00e9ouvrir lorsque ce taux est inf\u00e9rieur \u00e0 5% pendant 2 semaines.<\/p>\n\n\n\n<figure class=\"wp-block-image size-large is-resized\"><a href=\"https:\/\/houzardc.fr\/wp-content\/uploads\/Graphs\/US_Testing.pdf\" target=\"_blank\" rel=\"noopener noreferrer\"><img loading=\"lazy\" decoding=\"async\" src=\"https:\/\/houzardc.fr\/wp-content\/uploads\/Graphs\/US_Testing_preview.png\" alt=\"\" width=\"780\" height=\"392\"\/><\/a><\/figure>\n","protected":false},"excerpt":{"rendered":"<p>Cette page pr\u00e9sente la situation \u00e0 l\u2019\u00e9chelle am\u00e9ricaine par divers graphes et cartes. Les fichiers sont mis \u00e0 jour r\u00e9guli\u00e8rement. Cartes En passant la souris au dessus des \u00e9tats, des informations compl\u00e9mentaires s&#8217;affichent. Je propose 3 cartes, semblable \u00e0 ce qui existe \u00e0 l&#8217;\u00e9chelle mondial: Nombre de cas pour 1000 habitants Nombre de d\u00e9c\u00e8s pour<a class=\"more-link\" href=\"https:\/\/houzardc.fr\/?page_id=1358\">Continue reading <span class=\"screen-reader-text\">&#8220;Situation am\u00e9ricaine&#8221;<\/span><\/a><\/p>\n","protected":false},"author":1,"featured_media":0,"parent":0,"menu_order":0,"comment_status":"closed","ping_status":"closed","template":"","meta":{"_lmt_disableupdate":"no","_lmt_disable":"","footnotes":""},"class_list":["post-1358","page","type-page","status-publish","hentry","entry"],"jetpack_sharing_enabled":true,"post_mailing_queue_ids":[],"_links":{"self":[{"href":"https:\/\/houzardc.fr\/index.php?rest_route=\/wp\/v2\/pages\/1358","targetHints":{"allow":["GET"]}}],"collection":[{"href":"https:\/\/houzardc.fr\/index.php?rest_route=\/wp\/v2\/pages"}],"about":[{"href":"https:\/\/houzardc.fr\/index.php?rest_route=\/wp\/v2\/types\/page"}],"author":[{"embeddable":true,"href":"https:\/\/houzardc.fr\/index.php?rest_route=\/wp\/v2\/users\/1"}],"replies":[{"embeddable":true,"href":"https:\/\/houzardc.fr\/index.php?rest_route=%2Fwp%2Fv2%2Fcomments&post=1358"}],"version-history":[{"count":19,"href":"https:\/\/houzardc.fr\/index.php?rest_route=\/wp\/v2\/pages\/1358\/revisions"}],"predecessor-version":[{"id":1612,"href":"https:\/\/houzardc.fr\/index.php?rest_route=\/wp\/v2\/pages\/1358\/revisions\/1612"}],"wp:attachment":[{"href":"https:\/\/houzardc.fr\/index.php?rest_route=%2Fwp%2Fv2%2Fmedia&parent=1358"}],"curies":[{"name":"wp","href":"https:\/\/api.w.org\/{rel}","templated":true}]}}