{"id":1228,"date":"2020-06-01T15:49:44","date_gmt":"2020-06-01T13:49:44","guid":{"rendered":"https:\/\/houzardc.fr\/?page_id=1228"},"modified":"2021-03-08T12:52:43","modified_gmt":"2021-03-08T11:52:43","slug":"monde-situation-generale-par-pays","status":"publish","type":"page","link":"https:\/\/houzardc.fr\/?page_id=1228","title":{"rendered":"[Monde] Situation g\u00e9n\u00e9rale par pays"},"content":{"rendered":"\n<h2 class=\"wp-block-heading\">Graphes par pays<\/h2>\n\n\n\n<p>Cette page pr\u00e9sente, pour l&#8217;ensemble des pays ayant plus de 0.5% des cas mondiaux (soit environ plus de 400 000 cas), les graphes du :<\/p>\n\n\n\n<ul class=\"wp-block-list\"><li>nombre de cas totaux<\/li><li>nombre de cas journaliers<\/li><li>nombre de d\u00e9c\u00e8s totaux<\/li><li>nombre de d\u00e9c\u00e8s journaliers<\/li><\/ul>\n\n\n\n<p>Les pays sont class\u00e9s par ordre d\u00e9croissant du nombre cas et les donn\u00e9es sont liss\u00e9es par moyenne mobile centr\u00e9e sur 7j (-3j, +3j).<\/p>\n\n\n\n<p>Cliquez sur l&#8217;image pour voir l&#8217;ensemble de pays.<\/p>\n\n\n\n<figure class=\"wp-block-image size-large\"><a href=\"https:\/\/houzardc.fr\/wp-content\/uploads\/Graphs\/All countries.pdf\" target=\"_blank\" rel=\"noopener noreferrer\"><img decoding=\"async\" src=\"https:\/\/houzardc.fr\/wp-content\/uploads\/Graphs\/All countries_preview.png\" alt=\"\"\/><\/a><\/figure>\n\n\n\n<h2 class=\"wp-block-heading\">Comparaison de 4 pays<\/h2>\n\n\n\n<figure class=\"wp-block-image size-large is-resized\"><a href=\"https:\/\/houzardc.fr\/wp-content\/uploads\/Graphs\/4_countries_growth.pdf\" target=\"_blank\" rel=\"noopener noreferrer\"><img loading=\"lazy\" decoding=\"async\" src=\"https:\/\/houzardc.fr\/wp-content\/uploads\/Graphs\/4_countries_growth_preview.png\" alt=\"\" width=\"780\" height=\"403\"\/><\/a><\/figure>\n\n\n\n<figure class=\"wp-block-image size-large is-resized\"><a href=\"https:\/\/houzardc.fr\/wp-content\/uploads\/Graphs\/4_countries_delta.pdf\" target=\"_blank\" rel=\"noopener noreferrer\"><img loading=\"lazy\" decoding=\"async\" src=\"https:\/\/houzardc.fr\/wp-content\/uploads\/Graphs\/4_countries_delta_preview.png\" alt=\"\" width=\"780\" height=\"403\"\/><\/a><\/figure>\n","protected":false},"excerpt":{"rendered":"<p>Graphes par pays Cette page pr\u00e9sente, pour l&#8217;ensemble des pays ayant plus de 0.5% des cas mondiaux (soit environ plus de 400 000 cas), les graphes du : nombre de cas totaux nombre de cas journaliers nombre de d\u00e9c\u00e8s totaux nombre de d\u00e9c\u00e8s journaliers Les pays sont class\u00e9s par ordre d\u00e9croissant du nombre cas et<a class=\"more-link\" href=\"https:\/\/houzardc.fr\/?page_id=1228\">Continue reading <span class=\"screen-reader-text\">&#8220;[Monde] Situation g\u00e9n\u00e9rale par pays&#8221;<\/span><\/a><\/p>\n","protected":false},"author":1,"featured_media":0,"parent":1207,"menu_order":0,"comment_status":"closed","ping_status":"closed","template":"","meta":{"_lmt_disableupdate":"no","_lmt_disable":"","footnotes":""},"class_list":["post-1228","page","type-page","status-publish","hentry","entry"],"jetpack_sharing_enabled":true,"post_mailing_queue_ids":[],"_links":{"self":[{"href":"https:\/\/houzardc.fr\/index.php?rest_route=\/wp\/v2\/pages\/1228","targetHints":{"allow":["GET"]}}],"collection":[{"href":"https:\/\/houzardc.fr\/index.php?rest_route=\/wp\/v2\/pages"}],"about":[{"href":"https:\/\/houzardc.fr\/index.php?rest_route=\/wp\/v2\/types\/page"}],"author":[{"embeddable":true,"href":"https:\/\/houzardc.fr\/index.php?rest_route=\/wp\/v2\/users\/1"}],"replies":[{"embeddable":true,"href":"https:\/\/houzardc.fr\/index.php?rest_route=%2Fwp%2Fv2%2Fcomments&post=1228"}],"version-history":[{"count":7,"href":"https:\/\/houzardc.fr\/index.php?rest_route=\/wp\/v2\/pages\/1228\/revisions"}],"predecessor-version":[{"id":1635,"href":"https:\/\/houzardc.fr\/index.php?rest_route=\/wp\/v2\/pages\/1228\/revisions\/1635"}],"up":[{"embeddable":true,"href":"https:\/\/houzardc.fr\/index.php?rest_route=\/wp\/v2\/pages\/1207"}],"wp:attachment":[{"href":"https:\/\/houzardc.fr\/index.php?rest_route=%2Fwp%2Fv2%2Fmedia&parent=1228"}],"curies":[{"name":"wp","href":"https:\/\/api.w.org\/{rel}","templated":true}]}}