{"id":1223,"date":"2020-06-01T15:49:44","date_gmt":"2020-06-01T13:49:44","guid":{"rendered":"https:\/\/houzardc.fr\/?page_id=1223"},"modified":"2021-03-01T11:42:42","modified_gmt":"2021-03-01T10:42:42","slug":"france-situation-dans-les-hopitaux","status":"publish","type":"page","link":"https:\/\/houzardc.fr\/?page_id=1223","title":{"rendered":"[France] Situation dans les h\u00f4pitaux"},"content":{"rendered":"\n<p>Ces graphes permettent de relater le nombre de personnes en r\u00e9animation et hospitalis\u00e9es. Le nombre de nouveaux cas \/ d\u00e9c\u00e8s journaliers est aussi repr\u00e9sent\u00e9.<\/p>\n\n\n\n<figure class=\"wp-block-image size-large\"><a href=\"https:\/\/houzardc.fr\/wp-content\/uploads\/Graphs\/France_Gen_Situation.pdf\" target=\"_blank\" rel=\"noopener noreferrer\"><img decoding=\"async\" src=\"https:\/\/houzardc.fr\/wp-content\/uploads\/Graphs\/France_Gen_Situation_preview.png\" alt=\"\"\/><\/a><\/figure>\n\n\n\n<p>Ci-dessous, 2 graphes plus centr\u00e9s sur la p\u00e9riode de la fin de l&#8217;ann\u00e9e 2020.<\/p>\n\n\n\n<figure class=\"wp-block-image size-large is-resized\"><a href=\"https:\/\/houzardc.fr\/wp-content\/uploads\/Graphs\/France_delta.pdf\" target=\"_blank\" rel=\"noopener noreferrer\"><img loading=\"lazy\" decoding=\"async\" src=\"https:\/\/houzardc.fr\/wp-content\/uploads\/Graphs\/France_delta_preview.png\" alt=\"\" width=\"780\" height=\"403\"\/><\/a><\/figure>\n\n\n\n<figure class=\"wp-block-image size-large\"><a href=\"https:\/\/houzardc.fr\/wp-content\/uploads\/Graphs\/France_growth.pdf\" target=\"_blank\" rel=\"noopener noreferrer\"><img decoding=\"async\" src=\"https:\/\/houzardc.fr\/wp-content\/uploads\/Graphs\/France_growth_preview.png\" alt=\"\"\/><\/a><\/figure>\n","protected":false},"excerpt":{"rendered":"<p>Ces graphes permettent de relater le nombre de personnes en r\u00e9animation et hospitalis\u00e9es. Le nombre de nouveaux cas \/ d\u00e9c\u00e8s journaliers est aussi repr\u00e9sent\u00e9. Ci-dessous, 2 graphes plus centr\u00e9s sur la p\u00e9riode de la fin de l&#8217;ann\u00e9e 2020.<\/p>\n","protected":false},"author":1,"featured_media":0,"parent":1211,"menu_order":0,"comment_status":"closed","ping_status":"closed","template":"","meta":{"_lmt_disableupdate":"no","_lmt_disable":"","footnotes":""},"class_list":["post-1223","page","type-page","status-publish","hentry","entry"],"jetpack_sharing_enabled":true,"post_mailing_queue_ids":[],"_links":{"self":[{"href":"https:\/\/houzardc.fr\/index.php?rest_route=\/wp\/v2\/pages\/1223","targetHints":{"allow":["GET"]}}],"collection":[{"href":"https:\/\/houzardc.fr\/index.php?rest_route=\/wp\/v2\/pages"}],"about":[{"href":"https:\/\/houzardc.fr\/index.php?rest_route=\/wp\/v2\/types\/page"}],"author":[{"embeddable":true,"href":"https:\/\/houzardc.fr\/index.php?rest_route=\/wp\/v2\/users\/1"}],"replies":[{"embeddable":true,"href":"https:\/\/houzardc.fr\/index.php?rest_route=%2Fwp%2Fv2%2Fcomments&post=1223"}],"version-history":[{"count":9,"href":"https:\/\/houzardc.fr\/index.php?rest_route=\/wp\/v2\/pages\/1223\/revisions"}],"predecessor-version":[{"id":1616,"href":"https:\/\/houzardc.fr\/index.php?rest_route=\/wp\/v2\/pages\/1223\/revisions\/1616"}],"up":[{"embeddable":true,"href":"https:\/\/houzardc.fr\/index.php?rest_route=\/wp\/v2\/pages\/1211"}],"wp:attachment":[{"href":"https:\/\/houzardc.fr\/index.php?rest_route=%2Fwp%2Fv2%2Fmedia&parent=1223"}],"curies":[{"name":"wp","href":"https:\/\/api.w.org\/{rel}","templated":true}]}}