{"id":1222,"date":"2020-06-01T15:49:44","date_gmt":"2020-06-01T13:49:44","guid":{"rendered":"https:\/\/houzardc.fr\/?page_id=1222"},"modified":"2021-03-01T11:52:11","modified_gmt":"2021-03-01T10:52:11","slug":"monde-graphs-mondiaux","status":"publish","type":"page","link":"https:\/\/houzardc.fr\/?page_id=1222","title":{"rendered":"[Monde] Graphes mondiaux"},"content":{"rendered":"\n<p>2 graphes pour analyser la situation \u00e0 l&#8217;\u00e9chelle mondiale:<\/p>\n\n\n\n<ul class=\"wp-block-list\"><li>Nombre de cas \/ d\u00e9c\u00e8s et leur evolution en fonction du temps. Donn\u00e9es liss\u00e9es avec une moyenne glissante sur les 2j pr\u00e9c\u00e9dents le point de donn\u00e9e.<\/li><\/ul>\n\n\n\n<figure class=\"wp-block-image size-large\"><a href=\"https:\/\/houzardc.fr\/wp-content\/uploads\/Graphs\/world_growth.pdf\" target=\"_blank\" rel=\"noopener noreferrer\"><img decoding=\"async\" src=\"https:\/\/houzardc.fr\/wp-content\/uploads\/Graphs\/world_growth_preview.png\" alt=\"\"\/><\/a><\/figure>\n\n\n\n<ul class=\"wp-block-list\"><li>Graphes superpos\u00e9s pr\u00e9sentant l&#8217;importance relative du nombre de cas \/ d\u00e9c\u00e8s de chaque pays<\/li><\/ul>\n\n\n\n<figure class=\"wp-block-image size-large\"><a href=\"https:\/\/houzardc.fr\/wp-content\/uploads\/Graphs\/stack_plot.pdf\"><img decoding=\"async\" src=\"https:\/\/houzardc.fr\/wp-content\/uploads\/Graphs\/stack_plot_preview.png\" alt=\"\"\/><\/a><\/figure>\n\n\n\n<p><\/p>\n","protected":false},"excerpt":{"rendered":"<p>2 graphes pour analyser la situation \u00e0 l&#8217;\u00e9chelle mondiale: Nombre de cas \/ d\u00e9c\u00e8s et leur evolution en fonction du temps. Donn\u00e9es liss\u00e9es avec une moyenne glissante sur les 2j pr\u00e9c\u00e9dents le point de donn\u00e9e. Graphes superpos\u00e9s pr\u00e9sentant l&#8217;importance relative du nombre de cas \/ d\u00e9c\u00e8s de chaque pays<\/p>\n","protected":false},"author":1,"featured_media":0,"parent":1207,"menu_order":0,"comment_status":"closed","ping_status":"closed","template":"","meta":{"_lmt_disableupdate":"no","_lmt_disable":"","footnotes":""},"class_list":["post-1222","page","type-page","status-publish","hentry","entry"],"jetpack_sharing_enabled":true,"post_mailing_queue_ids":[],"_links":{"self":[{"href":"https:\/\/houzardc.fr\/index.php?rest_route=\/wp\/v2\/pages\/1222","targetHints":{"allow":["GET"]}}],"collection":[{"href":"https:\/\/houzardc.fr\/index.php?rest_route=\/wp\/v2\/pages"}],"about":[{"href":"https:\/\/houzardc.fr\/index.php?rest_route=\/wp\/v2\/types\/page"}],"author":[{"embeddable":true,"href":"https:\/\/houzardc.fr\/index.php?rest_route=\/wp\/v2\/users\/1"}],"replies":[{"embeddable":true,"href":"https:\/\/houzardc.fr\/index.php?rest_route=%2Fwp%2Fv2%2Fcomments&post=1222"}],"version-history":[{"count":6,"href":"https:\/\/houzardc.fr\/index.php?rest_route=\/wp\/v2\/pages\/1222\/revisions"}],"predecessor-version":[{"id":1629,"href":"https:\/\/houzardc.fr\/index.php?rest_route=\/wp\/v2\/pages\/1222\/revisions\/1629"}],"up":[{"embeddable":true,"href":"https:\/\/houzardc.fr\/index.php?rest_route=\/wp\/v2\/pages\/1207"}],"wp:attachment":[{"href":"https:\/\/houzardc.fr\/index.php?rest_route=%2Fwp%2Fv2%2Fmedia&parent=1222"}],"curies":[{"name":"wp","href":"https:\/\/api.w.org\/{rel}","templated":true}]}}