{"id":1212,"date":"2020-06-01T15:49:44","date_gmt":"2020-06-01T13:49:44","guid":{"rendered":"https:\/\/houzardc.fr\/?page_id=1212"},"modified":"2020-11-22T18:44:12","modified_gmt":"2020-11-22T17:44:12","slug":"monde-cartes","status":"publish","type":"page","link":"https:\/\/houzardc.fr\/?page_id=1212","title":{"rendered":"[Monde] Cartes"},"content":{"rendered":"\n<p>Afin d&#8217;am\u00e9liorer la visualisation des donn\u00e9es, je propose 3 types de cartes. Retrouvez les descriptions de ces cartes plus bas.<\/p>\n\n\n\n<div class=\"wp-block-columns is-layout-flex wp-container-core-columns-is-layout-9d6595d7 wp-block-columns-is-layout-flex\">\n<div class=\"wp-block-column is-layout-flow wp-block-column-is-layout-flow\">\n<div class=\"wp-block-cover has-background-dim-70 has-background-dim\" style=\"background-image:url(https:\/\/houzardc.fr\/wp-content\/uploads\/2020\/04\/image.png);min-height:220px;aspect-ratio:unset;\"><div class=\"wp-block-cover__inner-container is-layout-flow wp-block-cover-is-layout-flow\">\n<p class=\"has-text-align-center has-large-font-size\"><strong><a href=\"\/MapCases-Death.html\" target=\"_blank\" rel=\"noreferrer noopener\">Nombre de cas \/ d\u00e9c\u00e8s<\/a><\/strong><\/p>\n<\/div><\/div>\n\n\n\n<p><\/p>\n<\/div>\n\n\n\n<div class=\"wp-block-column is-layout-flow wp-block-column-is-layout-flow\">\n<div class=\"wp-block-cover has-background-dim-70 has-background-dim\" style=\"background-image:url(https:\/\/houzardc.fr\/wp-content\/uploads\/2020\/04\/image-2.png);background-position:39% 44%;min-height:220px;aspect-ratio:unset;\"><div class=\"wp-block-cover__inner-container is-layout-flow wp-block-cover-is-layout-flow\">\n<p class=\"has-text-align-center has-large-font-size\"><strong><a href=\"\/MapBalance.html\" target=\"_blank\" rel=\"noreferrer noopener\">Evolution du nombre de cas<\/a><\/strong><\/p>\n<\/div><\/div>\n\n\n\n<p><\/p>\n<\/div>\n<\/div>\n\n\n\n<div class=\"wp-block-columns is-layout-flex wp-container-core-columns-is-layout-9d6595d7 wp-block-columns-is-layout-flex\">\n<div class=\"wp-block-column is-layout-flow wp-block-column-is-layout-flow\">\n<div class=\"wp-block-cover has-background-dim-70 has-background-dim\" style=\"background-image:url(https:\/\/houzardc.fr\/wp-content\/uploads\/2020\/06\/Map_Relative_Cases.png);min-height:220px;aspect-ratio:unset;\"><div class=\"wp-block-cover__inner-container is-layout-flow wp-block-cover-is-layout-flow\">\n<p class=\"has-text-align-center has-large-font-size\"><strong><a rel=\"noreferrer noopener\" href=\"\/Map_Relative_Cases-Death.html\" target=\"_blank\">Nombre de cas \/ d\u00e9c\u00e8s pour 1000 habitants<\/a><\/strong><\/p>\n<\/div><\/div>\n<\/div>\n\n\n\n<div class=\"wp-block-column is-layout-flow wp-block-column-is-layout-flow\"><\/div>\n<\/div>\n\n\n\n<p><em><\/em><\/p>\n\n\n\n<ul class=\"wp-block-list\"><li><a rel=\"noreferrer noopener\" href=\"http:\/\/houzardc.fr\/MapCases-Death.html\" target=\"_blank\">Nombre de cas et de d\u00e9c\u00e8s pour chaque pays<\/a> et par jour (slider de temps sur le cot\u00e9)<\/li><\/ul>\n\n\n\n<div class=\"wp-block-columns alignfull is-layout-flex wp-container-core-columns-is-layout-9d6595d7 wp-block-columns-is-layout-flex\">\n<div class=\"wp-block-column is-layout-flow wp-block-column-is-layout-flow\">\n<figure class=\"wp-block-image size-large is-resized\"><a href=\"https:\/\/houzardc.fr\/wp-content\/uploads\/Maps\/MapCases-Death.html\" target=\"_blank\" rel=\"noopener noreferrer\"><img loading=\"lazy\" decoding=\"async\" src=\"https:\/\/houzardc.fr\/wp-content\/uploads\/Maps\/MapCases.png\" alt=\"\" width=\"683\" height=\"280\"\/><\/a><figcaption>Carte du nombre de cas, copie d&#8217;\u00e9cran non \u00e0 jour<\/figcaption><\/figure>\n<\/div>\n\n\n\n<div class=\"wp-block-column is-layout-flow wp-block-column-is-layout-flow\">\n<figure class=\"wp-block-image size-large is-resized\"><a href=\"https:\/\/houzardc.fr\/wp-content\/uploads\/Maps\/MapCases-Death.html\" target=\"_blank\" rel=\"noopener noreferrer\"><img loading=\"lazy\" decoding=\"async\" src=\"https:\/\/houzardc.fr\/wp-content\/uploads\/Maps\/MapDeath.png\" alt=\"\" width=\"683\" height=\"280\"\/><\/a><figcaption>Carte du nombre de mort, copie d&#8217;\u00e9cran non \u00e0 jour<\/figcaption><\/figure>\n\n\n\n<p><\/p>\n<\/div>\n<\/div>\n\n\n\n<ul class=\"wp-block-list\"><li><a rel=\"noreferrer noopener\" href=\"http:\/\/houzardc.fr\/MapBalance.html\" target=\"_blank\">L&#8217;\u00e9volution du nombre de cas <\/a>par rapport au jour pr\u00e9c\u00e9dent \u00e0 une date donn\u00e9e<\/li><\/ul>\n\n\n\n<figure class=\"wp-block-image alignwide size-large\"><a href=\"https:\/\/houzardc.fr\/wp-content\/uploads\/Maps\/MapBalance.html\" target=\"_blank\" rel=\"noopener noreferrer\"><img decoding=\"async\" src=\"https:\/\/houzardc.fr\/wp-content\/uploads\/Maps\/MapBalance.png\" alt=\"\"\/><\/a><figcaption>Carte de l&#8217;\u00e9volution du nombre de cas, copie d&#8217;\u00e9cran non \u00e0 jour<\/figcaption><\/figure>\n\n\n\n<ul class=\"wp-block-list\"><li><a href=\"\/Map_Relative_Cases-Death.html\" target=\"_blank\" rel=\"noreferrer noopener\">Le nombre de cas \/ d\u00e9c\u00e8s pour 1000 habitants<\/a><\/li><\/ul>\n\n\n\n<div class=\"wp-block-columns alignfull is-layout-flex wp-container-core-columns-is-layout-9d6595d7 wp-block-columns-is-layout-flex\">\n<div class=\"wp-block-column is-layout-flow wp-block-column-is-layout-flow\">\n<figure class=\"wp-block-image size-large\"><a href=\"https:\/\/houzardc.fr\/wp-content\/uploads\/Maps\/Map_Relative_Cases-Death.html\" target=\"_blank\" rel=\"noopener noreferrer\"><img decoding=\"async\" src=\"https:\/\/houzardc.fr\/wp-content\/uploads\/Maps\/Map_Relative_Cases.png\" alt=\"\"\/><\/a><\/figure>\n<\/div>\n\n\n\n<div class=\"wp-block-column is-layout-flow wp-block-column-is-layout-flow\">\n<figure class=\"wp-block-image size-large\"><a href=\"https:\/\/houzardc.fr\/wp-content\/uploads\/Maps\/Map_Relative_Cases-Death.html\" target=\"_blank\" rel=\"noopener noreferrer\"><img decoding=\"async\" src=\"https:\/\/houzardc.fr\/wp-content\/uploads\/Maps\/Map_Relative_Death.png\" alt=\"\"\/><\/a><\/figure>\n<\/div>\n<\/div>\n\n\n\n<p><\/p>\n","protected":false},"excerpt":{"rendered":"<p>Afin d&#8217;am\u00e9liorer la visualisation des donn\u00e9es, je propose 3 types de cartes. Retrouvez les descriptions de ces cartes plus bas. Nombre de cas et de d\u00e9c\u00e8s pour chaque pays et par jour (slider de temps sur le cot\u00e9) L&#8217;\u00e9volution du nombre de cas par rapport au jour pr\u00e9c\u00e9dent \u00e0 une date donn\u00e9e Le nombre de<a class=\"more-link\" href=\"https:\/\/houzardc.fr\/?page_id=1212\">Continue reading <span class=\"screen-reader-text\">&#8220;[Monde] Cartes&#8221;<\/span><\/a><\/p>\n","protected":false},"author":1,"featured_media":0,"parent":1207,"menu_order":0,"comment_status":"closed","ping_status":"closed","template":"","meta":{"_lmt_disableupdate":"no","_lmt_disable":"","footnotes":""},"class_list":["post-1212","page","type-page","status-publish","hentry","entry"],"jetpack_sharing_enabled":true,"post_mailing_queue_ids":[],"_links":{"self":[{"href":"https:\/\/houzardc.fr\/index.php?rest_route=\/wp\/v2\/pages\/1212","targetHints":{"allow":["GET"]}}],"collection":[{"href":"https:\/\/houzardc.fr\/index.php?rest_route=\/wp\/v2\/pages"}],"about":[{"href":"https:\/\/houzardc.fr\/index.php?rest_route=\/wp\/v2\/types\/page"}],"author":[{"embeddable":true,"href":"https:\/\/houzardc.fr\/index.php?rest_route=\/wp\/v2\/users\/1"}],"replies":[{"embeddable":true,"href":"https:\/\/houzardc.fr\/index.php?rest_route=%2Fwp%2Fv2%2Fcomments&post=1212"}],"version-history":[{"count":16,"href":"https:\/\/houzardc.fr\/index.php?rest_route=\/wp\/v2\/pages\/1212\/revisions"}],"predecessor-version":[{"id":1542,"href":"https:\/\/houzardc.fr\/index.php?rest_route=\/wp\/v2\/pages\/1212\/revisions\/1542"}],"up":[{"embeddable":true,"href":"https:\/\/houzardc.fr\/index.php?rest_route=\/wp\/v2\/pages\/1207"}],"wp:attachment":[{"href":"https:\/\/houzardc.fr\/index.php?rest_route=%2Fwp%2Fv2%2Fmedia&parent=1212"}],"curies":[{"name":"wp","href":"https:\/\/api.w.org\/{rel}","templated":true}]}}