{"id":1211,"date":"2020-06-01T15:49:44","date_gmt":"2020-06-01T13:49:44","guid":{"rendered":"https:\/\/houzardc.fr\/?page_id=1211"},"modified":"2021-04-12T21:37:40","modified_gmt":"2021-04-12T19:37:40","slug":"situation-francaise","status":"publish","type":"page","link":"https:\/\/houzardc.fr\/?page_id=1211","title":{"rendered":"Situation Fran\u00e7aise"},"content":{"rendered":"\n<p>Cette page pr\u00e9sente la situation \u00e0 l&#8217;\u00e9chelle fran\u00e7aise par divers graphes et cartes. Les fichiers sont mis \u00e0 jour r\u00e9guli\u00e8rement.<\/p>\n\n\n\n<div class=\"wp-block-columns alignfull is-layout-flex wp-container-core-columns-is-layout-9d6595d7 wp-block-columns-is-layout-flex\">\n<div class=\"wp-block-column is-layout-flow wp-block-column-is-layout-flow\">\n<div class=\"wp-block-cover has-background-dim\" style=\"min-height:220px;aspect-ratio:unset;\"><img loading=\"lazy\" decoding=\"async\" width=\"2008\" height=\"1112\" class=\"wp-block-cover__image-background wp-image-970\" alt=\"\" src=\"https:\/\/houzardc.fr\/wp-content\/uploads\/2020\/05\/image-1.png\" data-object-fit=\"cover\" srcset=\"https:\/\/houzardc.fr\/wp-content\/uploads\/2020\/05\/image-1.png 2008w, https:\/\/houzardc.fr\/wp-content\/uploads\/2020\/05\/image-1-300x166.png 300w, https:\/\/houzardc.fr\/wp-content\/uploads\/2020\/05\/image-1-1024x567.png 1024w, https:\/\/houzardc.fr\/wp-content\/uploads\/2020\/05\/image-1-768x425.png 768w, https:\/\/houzardc.fr\/wp-content\/uploads\/2020\/05\/image-1-1536x851.png 1536w, https:\/\/houzardc.fr\/wp-content\/uploads\/2020\/05\/image-1-1568x868.png 1568w\" sizes=\"auto, (max-width: 2008px) 100vw, 2008px\" \/><div class=\"wp-block-cover__inner-container is-layout-flow wp-block-cover-is-layout-flow\">\n<p class=\"has-text-align-center\" style=\"font-size:40px\"><strong><a href=\"https:\/\/houzardc.fr\/?page_id=1218\">Cartes<\/a><\/strong><\/p>\n<\/div><\/div>\n<\/div>\n\n\n\n<div class=\"wp-block-column is-layout-flow wp-block-column-is-layout-flow\">\n<div class=\"wp-block-cover has-background-dim\" style=\"min-height:220px;aspect-ratio:unset;\"><img loading=\"lazy\" decoding=\"async\" width=\"4320\" height=\"2202\" class=\"wp-block-cover__image-background wp-image-1152\" alt=\"\" src=\"https:\/\/houzardc.fr\/wp-content\/uploads\/2020\/05\/Preview_French_Data_13-05-2020.png\" data-object-fit=\"cover\" srcset=\"https:\/\/houzardc.fr\/wp-content\/uploads\/2020\/05\/Preview_French_Data_13-05-2020.png 4320w, https:\/\/houzardc.fr\/wp-content\/uploads\/2020\/05\/Preview_French_Data_13-05-2020-300x153.png 300w, https:\/\/houzardc.fr\/wp-content\/uploads\/2020\/05\/Preview_French_Data_13-05-2020-1024x522.png 1024w, https:\/\/houzardc.fr\/wp-content\/uploads\/2020\/05\/Preview_French_Data_13-05-2020-768x391.png 768w, https:\/\/houzardc.fr\/wp-content\/uploads\/2020\/05\/Preview_French_Data_13-05-2020-1536x783.png 1536w, https:\/\/houzardc.fr\/wp-content\/uploads\/2020\/05\/Preview_French_Data_13-05-2020-2048x1044.png 2048w, https:\/\/houzardc.fr\/wp-content\/uploads\/2020\/05\/Preview_French_Data_13-05-2020-1568x799.png 1568w\" sizes=\"auto, (max-width: 4320px) 100vw, 4320px\" \/><div class=\"wp-block-cover__inner-container is-layout-flow wp-block-cover-is-layout-flow\">\n<p class=\"has-text-align-center\" style=\"font-size:40px\"><strong><a href=\"https:\/\/houzardc.fr\/?page_id=1223\">Situation dans les h\u00f4pitaux<\/a><\/strong><\/p>\n<\/div><\/div>\n\n\n\n<p><\/p>\n<\/div>\n<\/div>\n\n\n\n<div class=\"wp-block-columns alignfull is-layout-flex wp-container-core-columns-is-layout-9d6595d7 wp-block-columns-is-layout-flex\">\n<div class=\"wp-block-column is-layout-flow wp-block-column-is-layout-flow\"><\/div>\n\n\n\n<div class=\"wp-block-column is-layout-flow wp-block-column-is-layout-flow\">\n<div class=\"wp-block-cover has-background-dim\" style=\"min-height:220px;aspect-ratio:unset;\"><img loading=\"lazy\" decoding=\"async\" width=\"4320\" height=\"2175\" class=\"wp-block-cover__image-background wp-image-1469\" alt=\"\" src=\"https:\/\/houzardc.fr\/wp-content\/uploads\/2020\/07\/Preview_France_report_09-07-2020.png\" data-object-fit=\"cover\" srcset=\"https:\/\/houzardc.fr\/wp-content\/uploads\/2020\/07\/Preview_France_report_09-07-2020.png 4320w, https:\/\/houzardc.fr\/wp-content\/uploads\/2020\/07\/Preview_France_report_09-07-2020-300x151.png 300w, https:\/\/houzardc.fr\/wp-content\/uploads\/2020\/07\/Preview_France_report_09-07-2020-1024x516.png 1024w, https:\/\/houzardc.fr\/wp-content\/uploads\/2020\/07\/Preview_France_report_09-07-2020-768x387.png 768w, https:\/\/houzardc.fr\/wp-content\/uploads\/2020\/07\/Preview_France_report_09-07-2020-1536x773.png 1536w, https:\/\/houzardc.fr\/wp-content\/uploads\/2020\/07\/Preview_France_report_09-07-2020-2048x1031.png 2048w, https:\/\/houzardc.fr\/wp-content\/uploads\/2020\/07\/Preview_France_report_09-07-2020-1568x789.png 1568w\" sizes=\"auto, (max-width: 4320px) 100vw, 4320px\" \/><div class=\"wp-block-cover__inner-container is-layout-flow wp-block-cover-is-layout-flow\">\n<p class=\"has-text-align-center\" style=\"font-size:40px\"><strong><a href=\"https:\/\/houzardc.fr\/?page_id=1466\">Tests virologiques<\/a><\/strong><\/p>\n<\/div><\/div>\n<\/div>\n<\/div>\n\n\n\n<h2 class=\"wp-block-heading\">Cartes<\/h2>\n\n\n\n<p>Deux cartes similaire \u00e0 ce qui existe pour les <a href=\"https:\/\/houzardc.fr\/?page_id=1365\">Etas-Unis<\/a> ou le <a href=\"https:\/\/houzardc.fr\/?page_id=1212\">monde<\/a> sont publi\u00e9es quotidiennement. Nous avons, \u00e0 l&#8217;\u00e9chelle r\u00e9gionale:<\/p>\n\n\n\n<ul class=\"wp-block-list\"><li>Nombre de d\u00e9c\u00e8s pour 1000 habitants<\/li><li>Evolution du nombre de cas en pourcentage par rapport \u00e0 la semaine pr\u00e9c\u00e9dente<\/li><\/ul>\n\n\n\n<p><em>En passant la souris au dessus des r\u00e9gions, des informations compl\u00e9mentaires s\u2019affichent.<\/em><\/p>\n\n\n\n<div class=\"wp-block-columns alignfull is-layout-flex wp-container-core-columns-is-layout-9d6595d7 wp-block-columns-is-layout-flex\">\n<div class=\"wp-block-column is-layout-flow wp-block-column-is-layout-flow\">\n<figure class=\"wp-block-image size-large\"><a href=\"https:\/\/houzardc.fr\/wp-content\/uploads\/Graphs\/Map_Relative_Cases-Death_Fra.html\" target=\"_blank\" rel=\"noopener noreferrer\"><img decoding=\"async\" src=\"https:\/\/houzardc.fr\/wp-content\/uploads\/Graphs\/Map_Relative_Death_Fra.png\" alt=\"\"\/><\/a><\/figure>\n<\/div>\n\n\n\n<div class=\"wp-block-column is-layout-flow wp-block-column-is-layout-flow\">\n<figure class=\"wp-block-image size-large\"><a href=\"https:\/\/houzardc.fr\/wp-content\/uploads\/Graphs\/MapBalance_Fra.html\" target=\"_blank\" rel=\"noopener noreferrer\"><img decoding=\"async\" src=\"https:\/\/houzardc.fr\/wp-content\/uploads\/2020\/05\/MapBalance_Fra.png\" alt=\"\"\/><\/a><\/figure>\n<\/div>\n<\/div>\n\n\n\n<h2 class=\"wp-block-heading\">Situation dans les h\u00f4pitaux<\/h2>\n\n\n\n<p>Ces graphes permettent de relater le nombre de personnes en r\u00e9animation et hospitalis\u00e9es. Le nombre de nouveaux cas \/ d\u00e9c\u00e8s journaliers est aussi repr\u00e9sent\u00e9.<\/p>\n\n\n\n<figure class=\"wp-block-image size-large\"><a href=\"https:\/\/houzardc.fr\/wp-content\/uploads\/Graphs\/France_Gen_Situation.pdf\" target=\"_blank\" rel=\"noopener noreferrer\"><img decoding=\"async\" src=\"https:\/\/houzardc.fr\/wp-content\/uploads\/Graphs\/France_Gen_Situation_preview.png\" alt=\"\"\/><\/a><\/figure>\n\n\n\n<h2 class=\"wp-block-heading\"><\/h2>\n\n\n\n<p><\/p>\n\n\n\n<p><\/p>\n\n\n\n<h2 class=\"wp-block-heading\">Tests virologiques<\/h2>\n\n\n\n<p>Afin d&#8217;\u00e9valuer si le nombre de tests r\u00e9alis\u00e9s est suffisant, il est int\u00e9ressant de regarder le taux de positivit\u00e9 des tests. Ce taux est le rapport du nombre de tests positifs sur le nombre de tests r\u00e9alis\u00e9s. L&#8217;OMS consid\u00e8re qu&#8217;un pays peut r\u00e9ouvrir lorsque ce taux est inf\u00e9rieur \u00e0 5% pendant 2 semaines.<\/p>\n\n\n\n<figure class=\"wp-block-image size-large is-resized\"><a href=\"https:\/\/houzardc.fr\/wp-content\/uploads\/Graphs\/France_Testing.pdf\" target=\"_blank\" rel=\"noopener noreferrer\"><img loading=\"lazy\" decoding=\"async\" src=\"https:\/\/houzardc.fr\/wp-content\/uploads\/Graphs\/France_Testing_preview.png\" alt=\"\" width=\"780\" height=\"392\"\/><\/a><\/figure>\n","protected":false},"excerpt":{"rendered":"<p>Cette page pr\u00e9sente la situation \u00e0 l&#8217;\u00e9chelle fran\u00e7aise par divers graphes et cartes. Les fichiers sont mis \u00e0 jour r\u00e9guli\u00e8rement. Cartes Deux cartes similaire \u00e0 ce qui existe pour les Etas-Unis ou le monde sont publi\u00e9es quotidiennement. Nous avons, \u00e0 l&#8217;\u00e9chelle r\u00e9gionale: Nombre de d\u00e9c\u00e8s pour 1000 habitants Evolution du nombre de cas en pourcentage<a class=\"more-link\" href=\"https:\/\/houzardc.fr\/?page_id=1211\">Continue reading <span class=\"screen-reader-text\">&#8220;Situation Fran\u00e7aise&#8221;<\/span><\/a><\/p>\n","protected":false},"author":1,"featured_media":0,"parent":0,"menu_order":0,"comment_status":"closed","ping_status":"closed","template":"","meta":{"_lmt_disableupdate":"no","_lmt_disable":"","footnotes":""},"class_list":["post-1211","page","type-page","status-publish","hentry","entry"],"jetpack_sharing_enabled":true,"post_mailing_queue_ids":[],"_links":{"self":[{"href":"https:\/\/houzardc.fr\/index.php?rest_route=\/wp\/v2\/pages\/1211","targetHints":{"allow":["GET"]}}],"collection":[{"href":"https:\/\/houzardc.fr\/index.php?rest_route=\/wp\/v2\/pages"}],"about":[{"href":"https:\/\/houzardc.fr\/index.php?rest_route=\/wp\/v2\/types\/page"}],"author":[{"embeddable":true,"href":"https:\/\/houzardc.fr\/index.php?rest_route=\/wp\/v2\/users\/1"}],"replies":[{"embeddable":true,"href":"https:\/\/houzardc.fr\/index.php?rest_route=%2Fwp%2Fv2%2Fcomments&post=1211"}],"version-history":[{"count":23,"href":"https:\/\/houzardc.fr\/index.php?rest_route=\/wp\/v2\/pages\/1211\/revisions"}],"predecessor-version":[{"id":1641,"href":"https:\/\/houzardc.fr\/index.php?rest_route=\/wp\/v2\/pages\/1211\/revisions\/1641"}],"wp:attachment":[{"href":"https:\/\/houzardc.fr\/index.php?rest_route=%2Fwp%2Fv2%2Fmedia&parent=1211"}],"curies":[{"name":"wp","href":"https:\/\/api.w.org\/{rel}","templated":true}]}}