{"id":1207,"date":"2020-06-01T15:49:44","date_gmt":"2020-06-01T13:49:44","guid":{"rendered":"https:\/\/houzardc.fr\/?page_id=1207"},"modified":"2021-03-08T12:52:38","modified_gmt":"2021-03-08T11:52:38","slug":"situation-mondiale","status":"publish","type":"page","link":"https:\/\/houzardc.fr\/?page_id=1207","title":{"rendered":"Situation mondiale"},"content":{"rendered":"\n<p>Cette page pr\u00e9sente la situation \u00e0 l&#8217;\u00e9chelle mondiale par divers graphes et cartes. Les fichiers sont mis \u00e0 jour r\u00e9guli\u00e8rement.<\/p>\n\n\n\n<div class=\"wp-block-columns alignfull is-layout-flex wp-container-core-columns-is-layout-9d6595d7 wp-block-columns-is-layout-flex\">\n<div class=\"wp-block-column is-layout-flow wp-block-column-is-layout-flow\">\n<div class=\"wp-block-cover has-background-dim\" style=\"background-image:url(https:\/\/houzardc.fr\/wp-content\/uploads\/2020\/04\/image-2.png);min-height:260px;aspect-ratio:unset;\"><div class=\"wp-block-cover__inner-container is-layout-flow wp-block-cover-is-layout-flow\">\n<p class=\"has-text-align-center\" style=\"font-size:40px\"><strong><a href=\"https:\/\/houzardc.fr\/?page_id=1212\">Cartes<\/a><\/strong><\/p>\n<\/div><\/div>\n<\/div>\n\n\n\n<div class=\"wp-block-column is-layout-flow wp-block-column-is-layout-flow\">\n<div class=\"wp-block-cover has-background-dim\" style=\"background-image:url(https:\/\/houzardc.fr\/wp-content\/uploads\/2020\/05\/12-05-2020_preview_stack.png);min-height:260px;aspect-ratio:unset;\"><div class=\"wp-block-cover__inner-container is-layout-flow wp-block-cover-is-layout-flow\">\n<p class=\"has-text-align-center\" style=\"font-size:40px\"><strong><a href=\"https:\/\/houzardc.fr\/?page_id=1222\">Graphes mondiaux<\/a><\/strong><\/p>\n<\/div><\/div>\n<\/div>\n<\/div>\n\n\n\n<div class=\"wp-block-columns alignfull is-layout-flex wp-container-core-columns-is-layout-9d6595d7 wp-block-columns-is-layout-flex\">\n<div class=\"wp-block-column is-layout-flow wp-block-column-is-layout-flow\">\n<div class=\"wp-block-cover has-background-dim\" style=\"background-image:url(https:\/\/houzardc.fr\/wp-content\/uploads\/2020\/06\/Preview_World_Global-1.png);min-height:260px;aspect-ratio:unset;\"><div class=\"wp-block-cover__inner-container is-layout-flow wp-block-cover-is-layout-flow\">\n<p class=\"has-text-align-center\" style=\"font-size:40px\"><strong><a href=\"https:\/\/houzardc.fr\/?page_id=1228\">Situation g\u00e9n\u00e9rale par pays<\/a><\/strong><\/p>\n<\/div><\/div>\n<\/div>\n\n\n\n<div class=\"wp-block-column is-layout-flow wp-block-column-is-layout-flow\">\n<div class=\"wp-block-cover has-background-dim\" style=\"background-image:url(https:\/\/houzardc.fr\/wp-content\/uploads\/2020\/05\/Preview_France_12-05-2020.png);min-height:260px;background-position:47% 25%;aspect-ratio:unset;\"><div class=\"wp-block-cover__inner-container is-layout-flow wp-block-cover-is-layout-flow\">\n<p class=\"has-text-align-center\" style=\"font-size:40px\"><strong><a href=\"https:\/\/houzardc.fr\/?page_id=445#updated_pred\">Pr\u00e9dictions<\/a><\/strong><\/p>\n<\/div><\/div>\n\n\n\n<p><\/p>\n<\/div>\n<\/div>\n\n\n\n<p><em>Aper\u00e7us non \u00e0 jour<\/em><\/p>\n\n\n\n<h2 class=\"wp-block-heading\">Cartes<\/h2>\n\n\n\n<p>Afin d&#8217;am\u00e9liorer la visualisation des donn\u00e9es, je propose 3 types de cartes. Retrouvez les descriptions sur <a href=\"https:\/\/houzardc.fr\/?page_id=45\">cette page<\/a>.<\/p>\n\n\n\n<div class=\"wp-block-columns is-layout-flex wp-container-core-columns-is-layout-9d6595d7 wp-block-columns-is-layout-flex\">\n<div class=\"wp-block-column is-layout-flow wp-block-column-is-layout-flow\">\n<div class=\"wp-block-cover has-foreground-dark-background-color has-background-dim\" style=\"background-image:url(https:\/\/houzardc.fr\/wp-content\/uploads\/2020\/04\/image.png);min-height:230px;aspect-ratio:unset;\"><div class=\"wp-block-cover__inner-container is-layout-flow wp-block-cover-is-layout-flow\">\n<p class=\"has-text-align-center has-large-font-size\"><strong><a rel=\"noreferrer noopener\" href=\"\/MapCases-Death.html\" target=\"_blank\">Nombre de cas &amp; d\u00e9c\u00e8s<\/a><\/strong><\/p>\n<\/div><\/div>\n<\/div>\n\n\n\n<div class=\"wp-block-column is-layout-flow wp-block-column-is-layout-flow\">\n<div class=\"wp-block-cover has-foreground-dark-background-color has-background-dim\" style=\"background-image:url(https:\/\/houzardc.fr\/wp-content\/uploads\/2020\/04\/image-2.png);min-height:230px;aspect-ratio:unset;\"><div class=\"wp-block-cover__inner-container is-layout-flow wp-block-cover-is-layout-flow\">\n<p class=\"has-text-align-center has-large-font-size\"><strong><a href=\"\/MapBalance.html\" target=\"_blank\" rel=\"noreferrer noopener\">Evolution du nombre de cas<\/a><\/strong><\/p>\n<\/div><\/div>\n<\/div>\n<\/div>\n\n\n\n<div class=\"wp-block-columns is-layout-flex wp-container-core-columns-is-layout-9d6595d7 wp-block-columns-is-layout-flex\">\n<div class=\"wp-block-column is-layout-flow wp-block-column-is-layout-flow\">\n<div class=\"wp-block-cover has-background-dim-70 has-background-dim\" style=\"background-image:url(https:\/\/houzardc.fr\/wp-content\/uploads\/2020\/06\/Map_Relative_Cases.png);min-height:220px;aspect-ratio:unset;\"><div class=\"wp-block-cover__inner-container is-layout-flow wp-block-cover-is-layout-flow\">\n<p class=\"has-text-align-center has-large-font-size\"><strong><a href=\"\/Map_Relative_Cases-Death.html\" target=\"_blank\" rel=\"noreferrer noopener\">Nombre de cas &amp; d\u00e9c\u00e8s pour 1000 habitants<\/a><\/strong><\/p>\n<\/div><\/div>\n<\/div>\n\n\n\n<div class=\"wp-block-column is-layout-flow wp-block-column-is-layout-flow\"><\/div>\n<\/div>\n\n\n\n<h2 class=\"wp-block-heading\">Graphes mondiaux<\/h2>\n\n\n\n<p>2 graphes pour analyser la situation \u00e0 l&#8217;\u00e9chelle mondiale:<\/p>\n\n\n\n<ul class=\"wp-block-list\"><li>Nombre de cas \/ d\u00e9c\u00e8s et leur \u00e9volution en fonction du temps. Donn\u00e9es liss\u00e9es avec une moyenne glissante sur les 2j pr\u00e9c\u00e9dents le point de donn\u00e9e.<\/li><\/ul>\n\n\n\n<figure class=\"wp-block-image size-large\"><a href=\"https:\/\/houzardc.fr\/wp-content\/uploads\/Graphs\/world_growth.pdf\" target=\"_blank\" rel=\"noopener noreferrer\"><img decoding=\"async\" src=\"https:\/\/houzardc.fr\/wp-content\/uploads\/Graphs\/world_growth_preview.png\" alt=\"\"\/><\/a><\/figure>\n\n\n\n<ul class=\"wp-block-list\"><li>Graphes superpos\u00e9s pr\u00e9sentant l&#8217;importance relative du nombre de cas \/ d\u00e9c\u00e8s de chaque pays<\/li><\/ul>\n\n\n\n<figure class=\"wp-block-image size-large\"><a href=\"https:\/\/houzardc.fr\/wp-content\/uploads\/Graphs\/stack_plot.pdf\"><img decoding=\"async\" src=\"https:\/\/houzardc.fr\/wp-content\/uploads\/Graphs\/stack_plot_preview.png\" alt=\"\"\/><\/a><\/figure>\n\n\n\n<p>Comparaison de l&#8217;Allemagne, les US, l&#8217;Italie et la France:<\/p>\n\n\n\n<figure class=\"wp-block-image size-large\"><a href=\"https:\/\/houzardc.fr\/wp-content\/uploads\/Graphs\/4_countries_growth.pdf\" target=\"_blank\" rel=\"noopener noreferrer\"><img decoding=\"async\" src=\"https:\/\/houzardc.fr\/wp-content\/uploads\/Graphs\/4_countries_growth_preview.png\" alt=\"\"\/><\/a><\/figure>\n\n\n\n<h2 class=\"wp-block-heading\"><strong>Situation g\u00e9n\u00e9rale par pays<\/strong><\/h2>\n\n\n\n<p>Ces graphes repr\u00e9sentent, pour l&#8217;ensemble des pays ayant plus de 0.5% des cas mondiaux (soit environ plus de 400 000 cas), le nombre de cas\/d\u00e9c\u00e8s et leur \u00e9volution. Les pays sont class\u00e9s par ordre d\u00e9croissant du nombre cas.<\/p>\n\n\n\n<p>Les donn\u00e9es sont liss\u00e9es par moyenne mobile centr\u00e9e sur 7j (-3j, +3j).<\/p>\n\n\n\n<figure class=\"wp-block-image size-large\"><a href=\"https:\/\/houzardc.fr\/wp-content\/uploads\/Graphs\/All countries.pdf\" target=\"_blank\" rel=\"noopener noreferrer\"><img decoding=\"async\" src=\"https:\/\/houzardc.fr\/wp-content\/uploads\/Graphs\/All countries_preview.png\" alt=\"\"\/><\/a><\/figure>\n\n\n\n<p>Les graphes suivants repr\u00e9sentent les m\u00eames param\u00e8tres en comparant la France, les US, l&#8217;Italie et l&#8217;Allemagne.<\/p>\n\n\n\n<figure class=\"wp-block-image size-large\"><a href=\"https:\/\/houzardc.fr\/wp-content\/uploads\/2020\/05\/4_countries.pdf\"><img decoding=\"async\" src=\"https:\/\/houzardc.fr\/wp-content\/uploads\/2020\/05\/4_countries_preview.png\" alt=\"\"\/><\/a><\/figure>\n\n\n\n<h2 class=\"wp-block-heading\">Pr\u00e9dictions<\/h2>\n\n\n\n<p>Sur la base des donn\u00e9es existantes, on essaie de pr\u00e9dire la taille finale de l&#8217;\u00e9pid\u00e9mie.<\/p>\n\n\n\n<p>L&#8217;article d\u00e9taillant avec pr\u00e9cision comment les pr\u00e9dictions ont \u00e9t\u00e9 construites <a href=\"https:\/\/houzardc.fr\/?page_id=445\">est disponible ici.<\/a><\/p>\n\n\n\n<p>Ci-dessous les derni\u00e8res pr\u00e9dictions et leurs \u00e9volutions sur les 10 derniers jours pour la France, les US, l&#8217;Allemagne et l&#8217;Italie.<\/p>\n\n\n\n<div class=\"wp-block-columns alignfull is-layout-flex wp-container-core-columns-is-layout-9d6595d7 wp-block-columns-is-layout-flex\">\n<div class=\"wp-block-column is-layout-flow wp-block-column-is-layout-flow\">\n<figure class=\"wp-block-image size-large\"><a href=\"https:\/\/houzardc.fr\/wp-content\/uploads\/2020\/05\/Predictions_France.pdf\"><img decoding=\"async\" src=\"https:\/\/houzardc.fr\/wp-content\/uploads\/2020\/05\/Preview_France.png\" alt=\"\"\/><\/a><\/figure>\n\n\n\n<figure class=\"wp-block-image size-large\"><a href=\"https:\/\/houzardc.fr\/wp-content\/uploads\/2020\/05\/Predictions_Italy.pdf\"><img decoding=\"async\" src=\"https:\/\/houzardc.fr\/wp-content\/uploads\/2020\/05\/Preview_Italy.png\" alt=\"\"\/><\/a><\/figure>\n<\/div>\n\n\n\n<div class=\"wp-block-column is-layout-flow wp-block-column-is-layout-flow\">\n<figure class=\"wp-block-image size-large\"><a href=\"https:\/\/houzardc.fr\/wp-content\/uploads\/2020\/05\/Predictions_US.pdf\"><img decoding=\"async\" src=\"https:\/\/houzardc.fr\/wp-content\/uploads\/2020\/05\/Preview_US.png\" alt=\"\"\/><\/a><\/figure>\n\n\n\n<figure class=\"wp-block-image size-large\"><a href=\"https:\/\/houzardc.fr\/wp-content\/uploads\/2020\/05\/Predictions_Germany.pdf\"><img decoding=\"async\" src=\"https:\/\/houzardc.fr\/wp-content\/uploads\/2020\/05\/Preview_Germany.png\" alt=\"\"\/><\/a><\/figure>\n<\/div>\n<\/div>\n\n\n\n<figure class=\"wp-block-image size-large\"><a href=\"https:\/\/houzardc.fr\/wp-content\/uploads\/2020\/05\/Evol_para.pdf\"><img decoding=\"async\" src=\"https:\/\/houzardc.fr\/wp-content\/uploads\/2020\/05\/Preview_Evol_para.png\" alt=\"\"\/><\/a><\/figure>\n","protected":false},"excerpt":{"rendered":"<p>Cette page pr\u00e9sente la situation \u00e0 l&#8217;\u00e9chelle mondiale par divers graphes et cartes. Les fichiers sont mis \u00e0 jour r\u00e9guli\u00e8rement. Aper\u00e7us non \u00e0 jour Cartes Afin d&#8217;am\u00e9liorer la visualisation des donn\u00e9es, je propose 3 types de cartes. Retrouvez les descriptions sur cette page. Graphes mondiaux 2 graphes pour analyser la situation \u00e0 l&#8217;\u00e9chelle mondiale: Nombre<a class=\"more-link\" href=\"https:\/\/houzardc.fr\/?page_id=1207\">Continue reading <span class=\"screen-reader-text\">&#8220;Situation mondiale&#8221;<\/span><\/a><\/p>\n","protected":false},"author":1,"featured_media":0,"parent":0,"menu_order":0,"comment_status":"closed","ping_status":"closed","template":"","meta":{"_lmt_disableupdate":"no","_lmt_disable":"","footnotes":""},"class_list":["post-1207","page","type-page","status-publish","hentry","entry"],"jetpack_sharing_enabled":true,"post_mailing_queue_ids":[],"_links":{"self":[{"href":"https:\/\/houzardc.fr\/index.php?rest_route=\/wp\/v2\/pages\/1207","targetHints":{"allow":["GET"]}}],"collection":[{"href":"https:\/\/houzardc.fr\/index.php?rest_route=\/wp\/v2\/pages"}],"about":[{"href":"https:\/\/houzardc.fr\/index.php?rest_route=\/wp\/v2\/types\/page"}],"author":[{"embeddable":true,"href":"https:\/\/houzardc.fr\/index.php?rest_route=\/wp\/v2\/users\/1"}],"replies":[{"embeddable":true,"href":"https:\/\/houzardc.fr\/index.php?rest_route=%2Fwp%2Fv2%2Fcomments&post=1207"}],"version-history":[{"count":35,"href":"https:\/\/houzardc.fr\/index.php?rest_route=\/wp\/v2\/pages\/1207\/revisions"}],"predecessor-version":[{"id":1636,"href":"https:\/\/houzardc.fr\/index.php?rest_route=\/wp\/v2\/pages\/1207\/revisions\/1636"}],"wp:attachment":[{"href":"https:\/\/houzardc.fr\/index.php?rest_route=%2Fwp%2Fv2%2Fmedia&parent=1207"}],"curies":[{"name":"wp","href":"https:\/\/api.w.org\/{rel}","templated":true}]}}